{"id":371,"date":"2019-02-27T09:43:26","date_gmt":"2019-02-27T09:43:26","guid":{"rendered":"http:\/\/adamet.rs\/?page_id=371"},"modified":"2019-03-29T07:23:28","modified_gmt":"2019-03-29T07:23:28","slug":"kontakt","status":"publish","type":"page","link":"http:\/\/adamet.rs\/sr\/kontakt\/","title":{"rendered":"Kontakt"},"content":{"rendered":"<div class=\"row\"  id=\"row-972692837\">\n<div class=\"col small-12 large-12\"  ><div class=\"col-inner\"  >\n\n  <div class=\"banner has-hover\" id=\"banner-1220002724\">\n          <div class=\"banner-inner fill\">\n        <div class=\"banner-bg fill\" >\n            <div class=\"bg fill bg-fill \"><\/div>\n                                    \n                    <\/div><!-- bg-layers -->\n        <div class=\"banner-layers container\">\n            <div class=\"fill banner-link\"><\/div>            \n   <div id=\"text-box-1002667549\" class=\"text-box banner-layer x50 md-x50 lg-x50 y50 md-y50 lg-y50 res-text\">\n                                <div class=\"text dark\">\n              \n              <div class=\"text-inner text-center\">\n                  \n              <\/div>\n           <\/div><!-- text-box-inner -->\n                            \n<style scope=\"scope\">\n\n#text-box-1002667549 {\n  width: 60%;\n}\n#text-box-1002667549 .text {\n  font-size: 100%;\n}\n<\/style>\n    <\/div><!-- text-box -->\n \n        <\/div><!-- .banner-layers -->\n      <\/div><!-- .banner-inner -->\n\n            \n<style scope=\"scope\">\n\n#banner-1220002724 {\n  padding-top: 218px;\n}\n#banner-1220002724 .bg.bg-loaded {\n  background-image: url(http:\/\/adamet.rs\/wp-content\/uploads\/2017\/12\/nwf-6640-1199x800.jpg);\n}\n\n\n@media (min-width:550px) {\n\n  #banner-1220002724 {\n    padding-top: 500px;\n  }\n\n}\n<\/style>\n  <\/div><!-- .banner -->\n\n\n<hr \/>\n<h3 class=\"uppercase\" style=\"text-align: center;\">Zainteresovani smo za bilo kakvu, saradnju, dogovor i ponude. \u017deljni novih poslovnih poznanstva, jer cenimo svako novo iskustvo i sa po\u0161tovanjem \u010dekamo poslovne partnere.<\/h3>\n<p>\u00a0<\/p>\n<div class=\"row\"  id=\"row-553124724\">\n<div class=\"col medium-6 small-12 large-6\"  ><div class=\"col-inner\"  >\n<p><span style=\"color: #000000; font-size: 120%;\">Podaci firme<\/span><\/p>\n<ul>\n<li id=\"u2734-2\"><a href=\"http:\/\/adamet.rs\/wp-content\/uploads\/2019\/03\/potvrda.pdf\" target=\"_blank\" rel=\"noopener noreferrer\">&#8211; PIB<\/a><\/li>\n<li id=\"u2743-2\"><a href=\"http:\/\/adamet.rs\/wp-content\/uploads\/2019\/03\/pdv.pdf\" target=\"_blank\" rel=\"noopener noreferrer\">&#8211; PDV Obrazac<\/a><\/li>\n<li id=\"u2742-4\"><a href=\"http:\/\/adamet.rs\/wp-content\/uploads\/2019\/03\/resenje.pdf\" target=\"_blank\" rel=\"noopener noreferrer\"><span id=\"u2742\">&#8211; Re<\/span><span id=\"u2742-2\">\u0161<\/span><span id=\"u2742-3\">enje o upisu u registar<\/span><\/a><\/li>\n<\/ul>\n<\/div><\/div>\n<div class=\"col medium-6 small-12 large-6\"  ><div class=\"col-inner\"  >\n<p><span style=\"color: #000000; font-size: 120%;\">Kontakt firme<\/span><\/p>\n<p id=\"u2735-2\">JNA 54, 24430 Ada Serbia<\/p>\n<p id=\"u2735-5\" class=\"rolover-Beli-text\"><a class=\"nonblock\" href=\"mailto:info@adamet.rs\">info@adamet.rs<\/a><\/p>\n<p id=\"u2735-8\" class=\"rolover-Beli-text\"><a class=\"nonblock\" href=\"tel:+38163509717\">+381 63 \/ 509-717<\/a><\/p>\n<\/div><\/div>\n<\/div>\n<\/div><\/div>\n<\/div>\n<div class=\"row\"  id=\"row-500284043\">\n<div class=\"col small-12 large-12\"  ><div class=\"col-inner text-center\"  >\n<p><iframe loading=\"lazy\" src=\"https:\/\/www.google.com\/maps\/embed?pb=!1m18!1m12!1m3!1d2781.959655873!2d20.137921315175877!3d45.79203597910611!2m3!1f0!2f0!3f0!3m2!1i1024!2i768!4f13.1!3m3!1m2!1s0x4744c8b206ddf189%3A0xbc78746af4fab1ef!2sAdamet!5e0!3m2!1ssr!2srs!4v1553843626237!5m2!1ssr!2srs\" width=\"800\" height=\"350\" frameborder=\"0\" style=\"border:0\" allowfullscreen><\/iframe><\/p>\n<\/div><\/div>\n\n<style scope=\"scope\">\n\n<\/style>\n<\/div>","protected":false},"excerpt":{"rendered":"","protected":false},"author":1,"featured_media":0,"parent":0,"menu_order":0,"comment_status":"closed","ping_status":"closed","template":"","meta":{"_exactmetrics_skip_tracking":false,"_exactmetrics_sitenote_active":false,"_exactmetrics_sitenote_note":"","_exactmetrics_sitenote_category":0,"footnotes":""},"class_list":["post-371","page","type-page","status-publish","hentry"],"yoast_head":"<!-- This site is optimized with the Yoast SEO plugin v27.5 - https:\/\/yoast.com\/product\/yoast-seo-wordpress\/ -->\n<title>Kontakt - Adamet masinska obrada i izrada metalnih delova<\/title>\n<meta name=\"robots\" content=\"index, follow, max-snippet:-1, max-image-preview:large, max-video-preview:-1\" \/>\n<link rel=\"canonical\" href=\"https:\/\/adamet.rs\/sr\/kontakt\/\" \/>\n<meta property=\"og:locale\" content=\"en_US\" \/>\n<meta property=\"og:type\" content=\"article\" \/>\n<meta property=\"og:title\" content=\"Kontakt - Adamet masinska obrada i izrada metalnih delova\" \/>\n<meta property=\"og:url\" content=\"https:\/\/adamet.rs\/sr\/kontakt\/\" \/>\n<meta property=\"og:site_name\" content=\"Adamet masinska obrada i izrada metalnih delova\" \/>\n<meta property=\"article:modified_time\" content=\"2019-03-29T07:23:28+00:00\" \/>\n<meta name=\"twitter:card\" content=\"summary_large_image\" \/>\n<meta name=\"twitter:label1\" content=\"Est. reading time\" \/>\n\t<meta name=\"twitter:data1\" content=\"1 minute\" \/>\n<script type=\"application\/ld+json\" class=\"yoast-schema-graph\">{\"@context\":\"https:\\\/\\\/schema.org\",\"@graph\":[{\"@type\":\"WebPage\",\"@id\":\"https:\\\/\\\/adamet.rs\\\/sr\\\/kontakt\\\/\",\"url\":\"https:\\\/\\\/adamet.rs\\\/sr\\\/kontakt\\\/\",\"name\":\"Kontakt - Adamet masinska obrada i izrada metalnih delova\",\"isPartOf\":{\"@id\":\"https:\\\/\\\/adamet.rs\\\/sr\\\/#website\"},\"datePublished\":\"2019-02-27T09:43:26+00:00\",\"dateModified\":\"2019-03-29T07:23:28+00:00\",\"breadcrumb\":{\"@id\":\"https:\\\/\\\/adamet.rs\\\/sr\\\/kontakt\\\/#breadcrumb\"},\"inLanguage\":\"sr-SR\",\"potentialAction\":[{\"@type\":\"ReadAction\",\"target\":[\"https:\\\/\\\/adamet.rs\\\/sr\\\/kontakt\\\/\"]}]},{\"@type\":\"BreadcrumbList\",\"@id\":\"https:\\\/\\\/adamet.rs\\\/sr\\\/kontakt\\\/#breadcrumb\",\"itemListElement\":[{\"@type\":\"ListItem\",\"position\":1,\"name\":\"Home\",\"item\":\"https:\\\/\\\/adamet.rs\\\/sr\\\/\"},{\"@type\":\"ListItem\",\"position\":2,\"name\":\"Kontakt\"}]},{\"@type\":\"WebSite\",\"@id\":\"https:\\\/\\\/adamet.rs\\\/sr\\\/#website\",\"url\":\"https:\\\/\\\/adamet.rs\\\/sr\\\/\",\"name\":\"Adamet masinska obrada i izrada metalnih delova\",\"description\":\"\",\"potentialAction\":[{\"@type\":\"SearchAction\",\"target\":{\"@type\":\"EntryPoint\",\"urlTemplate\":\"https:\\\/\\\/adamet.rs\\\/sr\\\/?s={search_term_string}\"},\"query-input\":{\"@type\":\"PropertyValueSpecification\",\"valueRequired\":true,\"valueName\":\"search_term_string\"}}],\"inLanguage\":\"sr-SR\"}]}<\/script>\n<!-- \/ Yoast SEO plugin. -->","yoast_head_json":{"title":"Kontakt - Adamet masinska obrada i izrada metalnih delova","robots":{"index":"index","follow":"follow","max-snippet":"max-snippet:-1","max-image-preview":"max-image-preview:large","max-video-preview":"max-video-preview:-1"},"canonical":"https:\/\/adamet.rs\/sr\/kontakt\/","og_locale":"en_US","og_type":"article","og_title":"Kontakt - Adamet masinska obrada i izrada metalnih delova","og_url":"https:\/\/adamet.rs\/sr\/kontakt\/","og_site_name":"Adamet masinska obrada i izrada metalnih delova","article_modified_time":"2019-03-29T07:23:28+00:00","twitter_card":"summary_large_image","twitter_misc":{"Est. reading time":"1 minute"},"schema":{"@context":"https:\/\/schema.org","@graph":[{"@type":"WebPage","@id":"https:\/\/adamet.rs\/sr\/kontakt\/","url":"https:\/\/adamet.rs\/sr\/kontakt\/","name":"Kontakt - Adamet masinska obrada i izrada metalnih delova","isPartOf":{"@id":"https:\/\/adamet.rs\/sr\/#website"},"datePublished":"2019-02-27T09:43:26+00:00","dateModified":"2019-03-29T07:23:28+00:00","breadcrumb":{"@id":"https:\/\/adamet.rs\/sr\/kontakt\/#breadcrumb"},"inLanguage":"sr-SR","potentialAction":[{"@type":"ReadAction","target":["https:\/\/adamet.rs\/sr\/kontakt\/"]}]},{"@type":"BreadcrumbList","@id":"https:\/\/adamet.rs\/sr\/kontakt\/#breadcrumb","itemListElement":[{"@type":"ListItem","position":1,"name":"Home","item":"https:\/\/adamet.rs\/sr\/"},{"@type":"ListItem","position":2,"name":"Kontakt"}]},{"@type":"WebSite","@id":"https:\/\/adamet.rs\/sr\/#website","url":"https:\/\/adamet.rs\/sr\/","name":"Adamet masinska obrada i izrada metalnih delova","description":"","potentialAction":[{"@type":"SearchAction","target":{"@type":"EntryPoint","urlTemplate":"https:\/\/adamet.rs\/sr\/?s={search_term_string}"},"query-input":{"@type":"PropertyValueSpecification","valueRequired":true,"valueName":"search_term_string"}}],"inLanguage":"sr-SR"}]}},"_links":{"self":[{"href":"http:\/\/adamet.rs\/sr\/wp-json\/wp\/v2\/pages\/371","targetHints":{"allow":["GET"]}}],"collection":[{"href":"http:\/\/adamet.rs\/sr\/wp-json\/wp\/v2\/pages"}],"about":[{"href":"http:\/\/adamet.rs\/sr\/wp-json\/wp\/v2\/types\/page"}],"author":[{"embeddable":true,"href":"http:\/\/adamet.rs\/sr\/wp-json\/wp\/v2\/users\/1"}],"replies":[{"embeddable":true,"href":"http:\/\/adamet.rs\/sr\/wp-json\/wp\/v2\/comments?post=371"}],"version-history":[{"count":17,"href":"http:\/\/adamet.rs\/sr\/wp-json\/wp\/v2\/pages\/371\/revisions"}],"predecessor-version":[{"id":494,"href":"http:\/\/adamet.rs\/sr\/wp-json\/wp\/v2\/pages\/371\/revisions\/494"}],"wp:attachment":[{"href":"http:\/\/adamet.rs\/sr\/wp-json\/wp\/v2\/media?parent=371"}],"curies":[{"name":"wp","href":"https:\/\/api.w.org\/{rel}","templated":true}]}}